{"id":7021,"date":"2022-01-19T10:42:20","date_gmt":"2022-01-19T10:42:20","guid":{"rendered":"https:\/\/mainvision.pt\/datenschutzpolitik\/"},"modified":"2022-01-21T16:57:13","modified_gmt":"2022-01-21T16:57:13","slug":"datenschutzpolitik","status":"publish","type":"page","link":"https:\/\/mainvision.pt\/de\/datenschutzpolitik\/","title":{"rendered":"datenschutzpolitik"},"content":{"rendered":"<div class=\"fusion-fullwidth fullwidth-box fusion-builder-row-1 fusion-flex-container nonhundred-percent-fullwidth non-hundred-percent-height-scrolling\" style=\"--awb-border-radius-top-left:0px;--awb-border-radius-top-right:0px;--awb-border-radius-bottom-right:0px;--awb-border-radius-bottom-left:0px;--awb-flex-wrap:wrap;\" ><div class=\"fusion-builder-row fusion-row fusion-flex-align-items-flex-start fusion-flex-content-wrap\" style=\"max-width:1248px;margin-left: calc(-4% \/ 2 );margin-right: calc(-4% \/ 2 );\"><div class=\"fusion-layout-column fusion_builder_column fusion-builder-column-0 fusion_builder_column_1_1 1_1 fusion-flex-column\" style=\"--awb-bg-size:cover;--awb-width-large:100%;--awb-margin-top-large:60px;--awb-spacing-right-large:1.92%;--awb-margin-bottom-large:20px;--awb-spacing-left-large:1.92%;--awb-width-medium:100%;--awb-order-medium:0;--awb-spacing-right-medium:1.92%;--awb-spacing-left-medium:1.92%;--awb-width-small:100%;--awb-order-small:0;--awb-spacing-right-small:1.92%;--awb-spacing-left-small:1.92%;\"><div class=\"fusion-column-wrapper fusion-column-has-shadow fusion-flex-justify-content-flex-start fusion-content-layout-column\"><div class=\"fusion-text fusion-text-1\" style=\"--awb-text-transform:none;\"><h2>DATENSCHUTZPOLITIK UND BEHANDLUNG PERSONENBEZOGENER DATEN MAINVISION<\/h2>\n<\/div><div class=\"fusion-text fusion-text-2\" style=\"--awb-text-transform:none;\"><p>Mainvision bedankt sich f\u00fcr Ihr Vertrauen und m\u00f6chte Sie in aller Transparenz und in verst\u00e4ndlicher Sprache \u00fcber die Verarbeitung Ihrer Daten informieren und Sie \u00fcber Ihre Rechte gem\u00e4\u00df den geltenden Rechtsvorschriften aufkl\u00e4ren. Diese Datenschutzrichtlinie soll beschreiben, wie, zu welchem Zweck, von wem und auf welcher Grundlage Mainvision Ihre pers\u00f6nlichen Daten sammelt und folglich verarbeitet.<\/p>\n<p>Der Schutz Ihrer Daten ist f\u00fcr Mainvision von gr\u00f6\u00dfter Bedeutung. Mainvision hat im Laufe der Zeit versucht, sich mit den geeignetsten technischen und organisatorischen Mitteln auszustatten, um die Vertraulichkeit der Daten zu sch\u00fctzen. Dennoch bitten wir Sie zu Ihrer Information, die nachstehenden Datenschutzbestimmungen sorgf\u00e4ltig zu lesen.<\/p>\n<h2>WER WIR SIND<\/h2>\n<p>Ihre Daten werden von Mainvision &#8211; Media Solutions, Unipessoal, Lda. mit Sitz in der Avenida Marechal Gomes da Costa, 29D, 1800-255 Lissabon, eingetragen beim Handelsregisteramt Lissabon unter der einheitlichen Registrierungs- und Unternehmensnummer 508 725 135 (nachstehend &#8222;Mainvision&#8220; genannt) verarbeitet.<\/p>\n<p>Mainvision fungiert gem\u00e4\u00df den Bestimmungen der Allgemeinen Datenschutzverordnung (Verordnung (EU) 2016\/679 des Europ\u00e4ischen Parlaments und des Rates vom 27.04.2016) (im Folgenden nur &#8222;DSGVO&#8220; genannt) als Verantwortlicher f\u00fcr die Verarbeitung und verpflichtet sich, die geltenden Rechtsvorschriften jederzeit vollst\u00e4ndig einzuhalten.<\/p>\n<h2><\/h2>\n<h2>WAS SIND PERSONENBEZOGENE DATEN?<\/h2>\n<p>Personenbezogene Daten sind alle Informationen gleich welcher Art und gleich welchen Tr\u00e4gers, einschlie\u00dflich Ton- und Bilddaten, die eine nat\u00fcrliche Person direkt oder indirekt identifizieren k\u00f6nnen, insbesondere in Bezug auf eine Kennnummer oder auf bestimmte Merkmale ihrer physischen, physiologischen, psychischen, genetischen, wirtschaftlichen, kulturellen oder sozialen Identit\u00e4t. Daten gelten als personenbezogen, wenn sie es jeder Person erm\u00f6glichen, die Informationen einer bestimmten Person zuzuordnen, auch wenn die Person oder Einrichtung, die \u00fcber diese Daten verf\u00fcgt, nicht in der Lage ist, eine solche Verbindung herzustellen.<\/p>\n<h2><\/h2>\n<h2>WIE UND WELCHE DATEN WIR SAMMELN<\/h2>\n<p>In der Regel werden personenbezogene Daten abgefragt, wenn sich die betroffene Person auf der Website registriert, Kontakt und\/oder Newsletter anfordert, eine bestimmte Dienstleistung abonniert, an einer von der Mainvision durchgef\u00fchrten oder von der Mainvision verwalteten Veranstaltung teilnimmt oder eine vertragliche Beziehung mit der Mainvision eingeht.<\/p>\n<p>Im Rahmen unserer Gesch\u00e4ftst\u00e4tigkeit erheben und verarbeiten wir personenbezogene Daten auf unterschiedliche Weise. Zus\u00e4tzlich zu den personenbezogenen Daten, die Sie uns direkt zur Verf\u00fcgung stellen, k\u00f6nnen wir auch andere Daten erfassen, indem wir aufzeichnen, wie Sie mit unseren Diensten interagieren, z. B. indem Sie sich auf unserer Website f\u00fcr Newsletter anmelden.<\/p>\n<p>Ihre Daten werden auch mit Hilfe einer Einwilligungserkl\u00e4rung erhoben, die Sie ausdr\u00fccklich zum Zweck der Verarbeitung personenbezogener Daten ausf\u00fcllen.<\/p>\n<p>Bei den von Mainvision erfassten Daten handelt es sich gegebenenfalls um die folgenden: (i) vollst\u00e4ndiger Name; (ii) Geburtsdatum; (iii) Geschlecht; (iv) Anschrift (und Lieferanschrift, falls abweichend von der Anschrift); (v) e-mail; (vi) Mobiltelefonnummer; (vii) Steueridentifikationsnummer; (viii) Bild; (ix) Lebenslauf; (xi) Angaben zur beruflichen T\u00e4tigkeit.<\/p>\n<p>Dar\u00fcber hinaus ist f\u00fcr die Bewerbung bei der Mainvision die Angabe personenbezogener Daten erforderlich (z. B. vollst\u00e4ndiger Name, E-Mail, Telefon, Staatsangeh\u00f6rigkeit, Geburtsdatum, Geburtsort, Geschlecht, Anschrift, Postleitzahl, Ort, Steueridentifikationsnummer, akademische Qualifikationen, Angabe, ob Sie Student sind oder nicht, Berufserfahrung, Verf\u00fcgbarkeit von Arbeitszeiten, die Stelle, f\u00fcr die Sie sich bewerben, Lebenslauf und Anschreiben).<\/p>\n<h2><\/h2>\n<h2>ZU WELCHEM ZWECK UND AUF WELCHER GRUNDLAGE WIR IHRE DATEN VERARBEITEN<\/h2>\n<p>Nach den Bestimmungen der Datenschutz-Grundverordnung ist die Verarbeitung personenbezogener Daten nur dann rechtm\u00e4\u00dfig, wenn sie auf einer der dort ausdr\u00fccklich genannten Rechtsgrundlagen beruht. Je nach dem Zweck, zu dem wir Ihre Daten verarbeiten, kann die Rechtsgrundlage f\u00fcr die Verarbeitung Ihrer Daten eine andere sein:<br \/>\n&#8211; Unser berechtigtes Interesse, das oben am besten veranschaulicht wird;<br \/>\n&#8211; Ihre Einwilligung, z. B. f\u00fcr Marketingzwecke;<br \/>\n&#8211; Die Ausf\u00fchrung eines Vertrags;<br \/>\n&#8211; Rechtsgrundlage.<\/p>\n<p>Ihre pers\u00f6nlichen Daten werden nur f\u00fcr die Ihnen mitgeteilten Zwecke verarbeitet und nicht f\u00fcr andere Zwecke verwendet.<\/p>\n<p>Die erhobenen Daten sind auch f\u00fcr die ordnungsgem\u00e4\u00dfe Erbringung der vertraglich vereinbarten Dienstleistungen und die Anpassung der Dienstleistungen an die Bed\u00fcrfnisse und Interessen der Nutzer erforderlich.<\/p>\n<p>Unbeschadet der Bestimmungen der Richtlinie 2002\/58\/EG des Europ\u00e4ischen Parlaments und des Rates vom 12. Juli 2002 (Datenschutzrichtlinie f\u00fcr elektronische Kommunikation) kann Mainvision, sofern wir Ihre vorherige, freie, ausdr\u00fcckliche und in Kenntnis der Sachlage erteilte Zustimmung erhalten haben, Ihre Daten f\u00fcr Marketingzwecke erfassen und verwenden, indem sie Ihnen Informationen \u00fcber Dienstleistungen, Kampagnen oder Werbeaktionen der Mainvision zusendet. Wenn Sie damit einverstanden sind, erhalten Sie Marketingmitteilungen per E-Mail. Sie k\u00f6nnen dieser Datenverarbeitung jederzeit widersprechen. Ihre Zustimmung ist f\u00fcr Mainvision unerl\u00e4sslich, um Ihre personenbezogenen Daten f\u00fcr diese Zwecke zu verarbeiten; wenn Sie sich jedoch daf\u00fcr entscheiden, Ihre Zustimmung nicht zu erteilen, hat dies keine Auswirkungen auf Ihren Besuch und die Nutzung unserer Website.<\/p>\n<p>Mainvision wird Ihre Daten auch verarbeiten, wenn sie ein berechtigtes Interesse daran hat, insbesondere um: (i) Entwicklung und Pflege unserer Website; (ii) Bereitstellung technischer Unterst\u00fctzung; (iii) Verhinderung und Aufdeckung von Betrug; (iv) Gew\u00e4hrleistung der Netz- und Informationssicherheit; (v) Registrierung und Verwaltung von Veranstaltungen und Konferenzen.<\/p>\n<p>Dar\u00fcber hinaus werden personenbezogene Daten gegebenenfalls auch zu Einstellungszwecken verarbeitet. Die Rechtsgrundlage f\u00fcr die Verarbeitung dieser Daten ist eine rechtliche Verpflichtung und die Erf\u00fcllung eines Vertrags oder vorvertraglicher Ma\u00dfnahmen.<\/p>\n<p>Mainvision geht davon aus, dass die erfassten Daten vom Inhaber eingegeben wurden und\/oder dass ihre Eingabe von diesem oder von den Inhabern der elterlichen Verantwortung genehmigt wurde und dass sie wahr, aktuell und korrekt sind.<\/p>\n<p>Mainvision trifft keine automatisierten Einzelentscheidungen, einschlie\u00dflich Profiling, die Auswirkungen auf ihre Rechtssph\u00e4re haben oder Sie in Weise erheblich beeintr\u00e4chtigen.<\/p>\n<h2>WIE WIR IHRE DATEN SCH\u00dcTZEN<\/h2>\n<p>Personenbezogene Daten werden mit dem gesetzlich vorgeschriebenen Schutzniveau behandelt, um ihre Sicherheit zu gew\u00e4hrleisten und ihre \u00c4nderung, ihren Verlust, ihre Verarbeitung oder ihren unbefugten Zugriff zu verhindern. Mainvision verlangt die gleichen Ma\u00dfnahmen von seinen Unterauftragnehmern.<\/p>\n<p>Mainvision verwendet verschiedene Sicherheitstechniken, einschlie\u00dflich Verschl\u00fcsselungs- und Authentifizierungstools, um ein H\u00f6chstma\u00df an Schutz, Integrit\u00e4t und Sicherheit Ihrer personenbezogenen Daten zu gew\u00e4hrleisten.<\/p>\n<p>Mainvision \u00fcberpr\u00fcft regelm\u00e4\u00dfig seine Sicherheitssysteme und -richtlinien, um zu gew\u00e4hrleisten, dass die Daten sicher und gesch\u00fctzt sind. Die \u00dcbertragung von Informationen \u00fcber das Internet ist jedoch nicht v\u00f6llig sicher, und wir k\u00f6nnen zumindest die Sicherheit der \u00fcber unsere Website \u00fcbermittelten Informationen nicht absolut garantieren, und es besteht die Gefahr, dass sie von unbefugten Dritten eingesehen und verwendet werden.<\/p>\n<h2><\/h2>\n<h2>MIT WEM WIR IHRE DATEN TEILEN<\/h2>\n<p>Zum Zwecke der Entwicklung unserer Website oder Streaming-Plattformen gestattet Mainvision vertrauensw\u00fcrdigen Dritten, mit denen wir einen Datenverarbeitungsvertrag geschlossen haben, den Zugriff auf Ihre personenbezogenen Daten. Mainvision kann Ihre Daten auch weitergeben, wenn sie Dritte mit der Erbringung bestimmter Dienstleistungen beauftragt, da diese Dritten m\u00f6glicherweise Zugang zu Ihren pers\u00f6nlichen Daten ben\u00f6tigen. Ihre personenbezogenen Daten werden n\u00e4mlich von den folgenden Kategorien von Personen verarbeitet, die mit der Verarbeitung beauftragt sind: Veranstaltungs- und Konferenzveranstalter, Personen, die zur Verwaltung und\/oder Pflege elektronischer Medien und Datensicherheitsma\u00dfnahmen befugt sind, oder Personen, die f\u00fcr die Speicherung und Verwaltung von Einwilligungen in die Verwendung personenbezogener Daten verantwortlich sind.<\/p>\n<p>Jeder Unterauftragnehmer der Mainvision verarbeitet die personenbezogenen Daten unserer Nutzer im Namen und im Auftrag der Mainvision und ist streng verpflichtet, unsere Anweisungen zu befolgen.<\/p>\n<p>Mainvision stellt sicher, dass diese Unterauftragnehmer ausreichende Garantien f\u00fcr die Durchf\u00fchrung geeigneter technischer und organisatorischer Ma\u00dfnahmen bieten, damit die Verarbeitung den Anforderungen des geltenden Rechts entspricht und die Sicherheit und der Schutz der Rechte der betroffenen Personen gem\u00e4\u00df dem mit diesen Unterauftragnehmern geschlossenen Vertrag gew\u00e4hrleistet sind.<\/p>\n<p>Mainvision wird Ihre personenbezogenen Daten nicht au\u00dferhalb des nationalen Hoheitsgebiets \u00fcbermitteln und auch ihren Unterauftragnehmern nicht gestatten, dies zu tun.<\/p>\n<h2><\/h2>\n<h2>WIE LANGE WIR IHRE PERSONENBEZOGENEN DATEN AUFBEWAHREN<\/h2>\n<p>Sofern keine besondere gesetzliche Verpflichtung besteht, werden Ihre personenbezogenen Daten nur so lange gespeichert und aufbewahrt, wie es f\u00fcr die Zwecke, f\u00fcr die sie erhoben oder weiterverarbeitet wurden, erforderlich ist.<\/p>\n<p>Wenn die maximale Speicherdauer erreicht ist, werden Ihre personenbezogenen Daten unwiderruflich anonymisiert oder sicher vernichtet.<\/p>\n<p>F\u00fcr die in dieser Datenschutzerkl\u00e4rung genannten Marketingzwecke werden Ihre personenbezogenen Daten f\u00fcr einen Zeitraum von maximal 12 Monaten ab der Einholung Ihrer Zustimmung oder der letzten Kontaktaufnahme (je nachdem, was sp\u00e4ter eintritt) gespeichert. Diese Frist gilt nur insoweit, als Sie innerhalb dieser Frist Ihre Einwilligung nicht widerrufen haben.<\/p>\n<p>Die Daten, die zum Zweck der Verwaltung Ihrer Teilnahme an von der Mainvision organisierten oder veranstalteten Veranstaltungen\/Konferenzen verarbeitet werden, werden nach Beendigung der Veranstaltung\/Konferenz gel\u00f6scht.<\/p>\n<p>Nach Ihrem Kontakt mit den verschiedenen von der Mainvision zur Verf\u00fcgung gestellten Mitteln zur Kundenbetreuung werden Ihre Daten bis zum Abschluss des Beschwerdeverfahrens oder bis zur Kl\u00e4rung Ihrer Fragen und\/oder Informationsw\u00fcnsche gespeichert.<\/p>\n<p>Die zu Einstellungszwecken verarbeiteten Daten werden f\u00fcr einen Zeitraum von 5 Jahren nach Abschluss des Einstellungsverfahrens aufbewahrt. Im Falle einer Einstellung werden die w\u00e4hrend des Verfahrens erhobenen Daten f\u00fcr die Personalverwaltung verwendet, um die Einhaltung der gesetzlichen Verpflichtungen zu gew\u00e4hrleisten und den Mitarbeitern die f\u00fcr die Aus\u00fcbung ihrer beruflichen T\u00e4tigkeit erforderlichen Mittel zur Verf\u00fcgung zu stellen.<\/p>\n<p>Alle oben genannten Fristen k\u00f6nnen sich um die Dauer eines etwaigen Gerichtsverfahrens und bis zu sechs Monate nach der endg\u00fcltigen Entscheidung verl\u00e4ngern.<\/p>\n<h2><\/h2>\n<h2>IHRE RECHTE<\/h2>\n<p>Mainvision m\u00f6chte Sie bei dieser Gelegenheit auch darauf hinweisen, dass Sie als betroffene Person gem\u00e4\u00df der Datenschutz-Grundverordnung die folgenden Rechte haben:<\/p>\n<p>Auskunftsrecht: Sie k\u00f6nnen jederzeit eine Best\u00e4tigung dar\u00fcber verlangen, ob Mainvision Ihre Daten verarbeitet, sowie Zugang zu Ihren personenbezogenen Daten und Informationen \u00fcber deren Verarbeitung. Dar\u00fcber hinaus k\u00f6nnen Sie eine Kopie der verarbeiteten personenbezogenen Daten erhalten;<br \/>\nRecht auf Berichtigung: Wenn Ihre personenbezogenen Daten unrichtig oder unvollst\u00e4ndig sind, k\u00f6nnen Sie verlangen, dass sie berichtigt oder erg\u00e4nzt werden;<br \/>\nRecht auf L\u00f6schung: In bestimmten Situationen haben Sie das Recht, die L\u00f6schung Ihrer personenbezogenen Daten zu verlangen. Dieses Recht kann in bestimmten Situationen eingeschr\u00e4nkt werden, z. B. wenn die Verarbeitung der Daten f\u00fcr die Erf\u00fcllung rechtlicher Verpflichtungen erforderlich ist, denen Mainvision unterliegt, oder wenn die Verarbeitung f\u00fcr die Begr\u00fcndung, Aus\u00fcbung oder Verteidigung von Rechtsanspr\u00fcchen notwendig ist;<br \/>\nRecht auf Daten\u00fcbertragbarkeit: Beruht die Verarbeitung der Daten auf einem Vertrag, dessen Vertragspartei Sie sind, oder auf Ihrer Einwilligung, so k\u00f6nnen Sie von der Mainvision verlangen, dass sie Ihnen die von Ihnen bereitgestellten Daten in einem strukturierten, allgemein gebr\u00e4uchlichen und maschinenlesbaren Format \u00fcbermittelt. Sie k\u00f6nnen auch verlangen, dass Mainvision diese Daten, soweit technisch m\u00f6glich, an andere f\u00fcr die Verarbeitung Verantwortliche \u00fcbermittelt.<\/p>\n<p>Unter bestimmten Voraussetzungen haben Sie auch das Recht, aus Gr\u00fcnden, die sich aus Ihrer besonderen Situation ergeben, der Verarbeitung Ihrer personenbezogenen Daten durch Mainvision zu widersprechen (wenn die Verarbeitung der Daten auf dem berechtigten Interesse der Mainvision beruht oder wenn die Daten f\u00fcr andere Zwecke als die, f\u00fcr die sie erhoben wurden, verarbeitet werden, die aber mit diesen vereinbar sind) oder die Einschr\u00e4nkung der Verarbeitung zu verlangen.<\/p>\n<p>Wenn die Verarbeitung Ihrer personenbezogenen Daten von Ihrer Einwilligung abh\u00e4ngt, haben Sie das Recht, Ihre Einwilligung jederzeit zu widerrufen, ohne dass die Rechtm\u00e4\u00dfigkeit der bis dahin auf der Grundlage der zuvor erteilten Einwilligung erfolgten Verarbeitung ber\u00fchrt wird. Bitte beachten Sie auch, dass danach die Verarbeitung von Daten, die nicht von Ihrer Einwilligung abh\u00e4ngig ist, durch den Widerruf der Einwilligung in die Verarbeitung von Daten, die auf solchen Gr\u00fcnden beruhen, nicht ber\u00fchrt oder unterbrochen wird.<\/p>\n<p>Um Ihre Zustimmung zu widerrufen (z. B. f\u00fcr die Verarbeitung Ihrer Daten zu Marketingzwecken), wenden Sie sich bitte per E-Mail an <a href=\"mailto:mainvision@mainvision.pt\">mainvision@mainvision.pt<\/a> oder per Einschreiben (Avenida Marechal Gomes da Costa, 29D, 1800-255 Lisboa) an uns.<\/p>\n<p>Mainvision teilt Ihnen au\u00dferdem mit, dass Sie Ihr Recht auf Auskunft, Berichtigung, L\u00f6schung und Widerspruch aus\u00fcben k\u00f6nnen, indem Sie eine schriftliche Mitteilung an die folgende E-Mail-Adresse senden: <a href=\"mailto:mainvision@mainvision.pt\">mainvision@mainvision.pt<\/a>.<\/p>\n<p>Mainvision verpflichtet sich, Ihre Anfragen und Antr\u00e4ge umgehend zu bearbeiten und Sie innerhalb einer Frist von h\u00f6chstens einem Monat \u00fcber die getroffenen Ma\u00dfnahmen zu informieren. Sollten Sie jedoch der Ansicht sein, dass wir Ihre Rechte nicht geb\u00fchrend beachten, haben Sie das Recht, eine Beschwerde bei der Aufsichtsbeh\u00f6rde, der Comiss\u00e3o Nacional de Prote\u00e7\u00e3o de Dados (Rua de S\u00e3o Bento, n.\u00ba 148, 3.\u00ba, 1200-821 Lisboa | Tel: <a href=\"tel:+351213928400\">+351 213928400<\/a> | Fax: +351 213976832 | e-mail: <a href=\"mailto:geral@cnpd.pt\">geral@cnpd.pt<\/a> | <a href=\"https:\/\/www.cnpd.pt\">www.cnpd.pt<\/a>), einzureichen.<\/p>\n<p>Sollten die vorliegende Datenschutzerkl\u00e4rung und die Behandlung personenbezogener Daten Fragen aufwerfen, z\u00f6gern Sie bitte nicht, uns zu kontaktieren.<\/p>\n<h2><\/h2>\n<h2>SCHLUSSBESTIMMUNGEN<\/h2>\n<p>Mainvision beh\u00e4lt sich das Recht vor, diese Datenschutzrichtlinie jederzeit zu \u00e4ndern. Im Falle einer \u00c4nderung der Datenschutzrichtlinie wird das Datum der letzten \u00c4nderung, das oben auf dieser Seite zu finden ist, ebenfalls aktualisiert.<\/p>\n<p>Wenn es sich um eine wesentliche \u00c4nderung handelt, wird ein Hinweis auf der Website ver\u00f6ffentlicht.<\/p>\n<p>F\u00fcr alle Rechtsstreitigkeiten, die sich aus der G\u00fcltigkeit, der Auslegung oder der Durchf\u00fchrung der Datenschutzpolitik ergeben oder die mit der Erhebung, der Verarbeitung oder der \u00dcbermittlung der personenbezogenen Daten unserer Kunden zusammenh\u00e4ngen, sind ausschlie\u00dflich die Gerichte des Bezirks Lissabon zust\u00e4ndig, unbeschadet der geltenden zwingenden Rechtsvorschriften.<\/p>\n<\/div><\/div><\/div><\/div><\/div>\n","protected":false},"excerpt":{"rendered":"","protected":false},"author":3,"featured_media":0,"parent":0,"menu_order":0,"comment_status":"closed","ping_status":"closed","template":"","meta":{"footnotes":""},"class_list":["post-7021","page","type-page","status-publish","hentry"],"yoast_head":"<title>datenschutzpolitik - Mainvision<\/title>\n<meta name=\"robots\" content=\"index, follow, max-snippet:-1, max-image-preview:large, max-video-preview:-1\" \/>\n<link rel=\"canonical\" href=\"https:\/\/mainvision.pt\/de\/datenschutzpolitik\/\" \/>\n<meta property=\"og:locale\" content=\"de_DE\" \/>\n<meta property=\"og:type\" content=\"article\" \/>\n<meta property=\"og:title\" content=\"datenschutzpolitik - Mainvision\" \/>\n<meta property=\"og:url\" content=\"https:\/\/mainvision.pt\/de\/datenschutzpolitik\/\" \/>\n<meta property=\"og:site_name\" content=\"Mainvision\" \/>\n<meta property=\"article:publisher\" content=\"https:\/\/www.facebook.com\/MainvisionEventosAudiovisuais\/\" \/>\n<meta property=\"article:modified_time\" content=\"2022-01-21T16:57:13+00:00\" \/>\n<meta name=\"twitter:card\" content=\"summary_large_image\" \/>\n<meta name=\"twitter:label1\" content=\"Gesch\u00e4tzte Lesezeit\" \/>\n\t<meta name=\"twitter:data1\" content=\"15\u00a0Minuten\" \/>\n<script type=\"application\/ld+json\" class=\"yoast-schema-graph\">{\"@context\":\"https:\/\/schema.org\",\"@graph\":[{\"@type\":\"WebPage\",\"@id\":\"https:\/\/mainvision.pt\/de\/datenschutzpolitik\/\",\"url\":\"https:\/\/mainvision.pt\/de\/datenschutzpolitik\/\",\"name\":\"datenschutzpolitik - Mainvision\",\"isPartOf\":{\"@id\":\"https:\/\/mainvision.pt\/de\/#website\"},\"datePublished\":\"2022-01-19T10:42:20+00:00\",\"dateModified\":\"2022-01-21T16:57:13+00:00\",\"breadcrumb\":{\"@id\":\"https:\/\/mainvision.pt\/de\/datenschutzpolitik\/#breadcrumb\"},\"inLanguage\":\"de\",\"potentialAction\":[{\"@type\":\"ReadAction\",\"target\":[\"https:\/\/mainvision.pt\/de\/datenschutzpolitik\/\"]}]},{\"@type\":\"BreadcrumbList\",\"@id\":\"https:\/\/mainvision.pt\/de\/datenschutzpolitik\/#breadcrumb\",\"itemListElement\":[{\"@type\":\"ListItem\",\"position\":1,\"name\":\"Home\",\"item\":\"https:\/\/mainvision.pt\/de\/\"},{\"@type\":\"ListItem\",\"position\":2,\"name\":\"datenschutzpolitik\"}]},{\"@type\":\"WebSite\",\"@id\":\"https:\/\/mainvision.pt\/de\/#website\",\"url\":\"https:\/\/mainvision.pt\/de\/\",\"name\":\"Mainvision\",\"description\":\"We Make It Real\",\"publisher\":{\"@id\":\"https:\/\/mainvision.pt\/de\/#organization\"},\"potentialAction\":[{\"@type\":\"SearchAction\",\"target\":{\"@type\":\"EntryPoint\",\"urlTemplate\":\"https:\/\/mainvision.pt\/de\/?s={search_term_string}\"},\"query-input\":{\"@type\":\"PropertyValueSpecification\",\"valueRequired\":true,\"valueName\":\"search_term_string\"}}],\"inLanguage\":\"de\"},{\"@type\":\"Organization\",\"@id\":\"https:\/\/mainvision.pt\/de\/#organization\",\"name\":\"Mainvision - Produ\u00e7\u00e3o de Eventos\",\"url\":\"https:\/\/mainvision.pt\/de\/\",\"logo\":{\"@type\":\"ImageObject\",\"inLanguage\":\"de\",\"@id\":\"https:\/\/mainvision.pt\/de\/#\/schema\/logo\/image\/\",\"url\":\"https:\/\/mainvision.pt\/wp-content\/uploads\/2021\/01\/MainVision-Logo-B-1.png\",\"contentUrl\":\"https:\/\/mainvision.pt\/wp-content\/uploads\/2021\/01\/MainVision-Logo-B-1.png\",\"width\":396,\"height\":231,\"caption\":\"Mainvision - Produ\u00e7\u00e3o de Eventos\"},\"image\":{\"@id\":\"https:\/\/mainvision.pt\/de\/#\/schema\/logo\/image\/\"},\"sameAs\":[\"https:\/\/www.facebook.com\/MainvisionEventosAudiovisuais\/\",\"https:\/\/www.instagram.com\/mainvision.audiovisuais\/\",\"https:\/\/www.linkedin.com\/company\/mainvision-media-solutions\",\"https:\/\/www.youtube.com\/channel\/UCszXlUD_pkpcq3LL8aQXOmA\"]}]}<\/script>","yoast_head_json":{"title":"datenschutzpolitik - Mainvision","robots":{"index":"index","follow":"follow","max-snippet":"max-snippet:-1","max-image-preview":"max-image-preview:large","max-video-preview":"max-video-preview:-1"},"canonical":"https:\/\/mainvision.pt\/de\/datenschutzpolitik\/","og_locale":"de_DE","og_type":"article","og_title":"datenschutzpolitik - Mainvision","og_url":"https:\/\/mainvision.pt\/de\/datenschutzpolitik\/","og_site_name":"Mainvision","article_publisher":"https:\/\/www.facebook.com\/MainvisionEventosAudiovisuais\/","article_modified_time":"2022-01-21T16:57:13+00:00","twitter_card":"summary_large_image","twitter_misc":{"Gesch\u00e4tzte Lesezeit":"15\u00a0Minuten"},"schema":{"@context":"https:\/\/schema.org","@graph":[{"@type":"WebPage","@id":"https:\/\/mainvision.pt\/de\/datenschutzpolitik\/","url":"https:\/\/mainvision.pt\/de\/datenschutzpolitik\/","name":"datenschutzpolitik - Mainvision","isPartOf":{"@id":"https:\/\/mainvision.pt\/de\/#website"},"datePublished":"2022-01-19T10:42:20+00:00","dateModified":"2022-01-21T16:57:13+00:00","breadcrumb":{"@id":"https:\/\/mainvision.pt\/de\/datenschutzpolitik\/#breadcrumb"},"inLanguage":"de","potentialAction":[{"@type":"ReadAction","target":["https:\/\/mainvision.pt\/de\/datenschutzpolitik\/"]}]},{"@type":"BreadcrumbList","@id":"https:\/\/mainvision.pt\/de\/datenschutzpolitik\/#breadcrumb","itemListElement":[{"@type":"ListItem","position":1,"name":"Home","item":"https:\/\/mainvision.pt\/de\/"},{"@type":"ListItem","position":2,"name":"datenschutzpolitik"}]},{"@type":"WebSite","@id":"https:\/\/mainvision.pt\/de\/#website","url":"https:\/\/mainvision.pt\/de\/","name":"Mainvision","description":"We Make It Real","publisher":{"@id":"https:\/\/mainvision.pt\/de\/#organization"},"potentialAction":[{"@type":"SearchAction","target":{"@type":"EntryPoint","urlTemplate":"https:\/\/mainvision.pt\/de\/?s={search_term_string}"},"query-input":{"@type":"PropertyValueSpecification","valueRequired":true,"valueName":"search_term_string"}}],"inLanguage":"de"},{"@type":"Organization","@id":"https:\/\/mainvision.pt\/de\/#organization","name":"Mainvision - Produ\u00e7\u00e3o de Eventos","url":"https:\/\/mainvision.pt\/de\/","logo":{"@type":"ImageObject","inLanguage":"de","@id":"https:\/\/mainvision.pt\/de\/#\/schema\/logo\/image\/","url":"https:\/\/mainvision.pt\/wp-content\/uploads\/2021\/01\/MainVision-Logo-B-1.png","contentUrl":"https:\/\/mainvision.pt\/wp-content\/uploads\/2021\/01\/MainVision-Logo-B-1.png","width":396,"height":231,"caption":"Mainvision - Produ\u00e7\u00e3o de Eventos"},"image":{"@id":"https:\/\/mainvision.pt\/de\/#\/schema\/logo\/image\/"},"sameAs":["https:\/\/www.facebook.com\/MainvisionEventosAudiovisuais\/","https:\/\/www.instagram.com\/mainvision.audiovisuais\/","https:\/\/www.linkedin.com\/company\/mainvision-media-solutions","https:\/\/www.youtube.com\/channel\/UCszXlUD_pkpcq3LL8aQXOmA"]}]}},"_links":{"self":[{"href":"https:\/\/mainvision.pt\/de\/wp-json\/wp\/v2\/pages\/7021","targetHints":{"allow":["GET"]}}],"collection":[{"href":"https:\/\/mainvision.pt\/de\/wp-json\/wp\/v2\/pages"}],"about":[{"href":"https:\/\/mainvision.pt\/de\/wp-json\/wp\/v2\/types\/page"}],"author":[{"embeddable":true,"href":"https:\/\/mainvision.pt\/de\/wp-json\/wp\/v2\/users\/3"}],"replies":[{"embeddable":true,"href":"https:\/\/mainvision.pt\/de\/wp-json\/wp\/v2\/comments?post=7021"}],"version-history":[{"count":2,"href":"https:\/\/mainvision.pt\/de\/wp-json\/wp\/v2\/pages\/7021\/revisions"}],"predecessor-version":[{"id":7023,"href":"https:\/\/mainvision.pt\/de\/wp-json\/wp\/v2\/pages\/7021\/revisions\/7023"}],"wp:attachment":[{"href":"https:\/\/mainvision.pt\/de\/wp-json\/wp\/v2\/media?parent=7021"}],"curies":[{"name":"wp","href":"https:\/\/api.w.org\/{rel}","templated":true}]}}